{"id":744,"date":"2024-10-22T14:20:35","date_gmt":"2024-10-22T11:20:35","guid":{"rendered":"https:\/\/www.tomrukatasmani.com\/?page_id=744"},"modified":"2024-10-22T15:38:11","modified_gmt":"2024-10-22T12:38:11","slug":"hakkimizda","status":"publish","type":"page","link":"https:\/\/www.bucketsuppliers.com\/?page_id=744","title":{"rendered":"Hakk\u0131m\u0131zda"},"content":{"rendered":"<p>De\u011ferli M\u00fc\u015fterilerimiz ve \u0130\u015f Ortaklar\u0131m\u0131z,<\/p>\n<p>\u0130\u015f makineleri kova imalat\u0131nda sekt\u00f6rdeki lider firmalardan biridir. \u0130n\u015faat, madencilik ve tar\u0131m sekt\u00f6rlerinde kullan\u0131lan y\u00fcksek kaliteli kova \u00e7\u00f6z\u00fcmlerimizle, m\u00fc\u015fterilerimizin ihtiya\u00e7lar\u0131na en iyi \u015fekilde cevap vermekteyiz. Amac\u0131m\u0131z, dayan\u0131kl\u0131 ve verimli \u00fcr\u00fcnlerle i\u015f s\u00fcre\u00e7lerinizi kolayla\u015ft\u0131rmakt\u0131r.<\/p>\n<h3>Vizyonumuz<\/h3>\n<p>Sekt\u00f6rdeki yenilikleri takip ederek, i\u015f makineleri kova imalat\u0131nda \u00f6nc\u00fc olmak. M\u00fc\u015fterilerimizin beklentilerini a\u015fmay\u0131 hedefliyoruz.<\/p>\n<h3>Misyonumuz<\/h3>\n<p>M\u00fc\u015fterilerimize, y\u00fcksek kalite ve g\u00fcvenilirlik sunan kova \u00e7\u00f6z\u00fcmleri \u00fcretmek. S\u00fcrekli geli\u015fim ve inovasyon odakl\u0131 bir anlay\u0131\u015fla, i\u015f s\u00fcre\u00e7lerinizi h\u0131zland\u0131rmay\u0131 ama\u00e7l\u0131yoruz.<\/p>\n<h3>\u00dcr\u00fcnlerimiz<\/h3>\n<ul>\n<li><strong>Standart Kovalara:<\/strong> Genel ama\u00e7l\u0131 kullan\u0131mlar i\u00e7in tasarlanm\u0131\u015f, dayan\u0131kl\u0131 ve pratik kova \u00e7\u00f6z\u00fcmleri.<\/li>\n<li><strong>Derin Kovalara:<\/strong> Derin kazma i\u015flemleri i\u00e7in \u00f6zel olarak tasarlanm\u0131\u015f \u00fcr\u00fcnler.<\/li>\n<li><strong>A\u015f\u0131nmaya Dayan\u0131kl\u0131 Kovalara:<\/strong> Zorlu ko\u015fullarda kullan\u0131lmak \u00fczere geli\u015ftirilmi\u015f, y\u00fcksek dayan\u0131kl\u0131l\u0131k sa\u011flayan kova modelleri.<\/li>\n<li><strong>\u00d6zel Tasar\u0131m Kovalara:<\/strong> M\u00fc\u015fteri taleplerine \u00f6zel olarak \u00fcretilen kova \u00e7\u00f6z\u00fcmleri.<\/li>\n<\/ul>\n<h3>Kalite Politikam\u0131z<\/h3>\n<p>Kaliteyi her a\u015famada \u00f6n planda tutarak, uluslararas\u0131 standartlara uygun \u00fcretim s\u00fcre\u00e7leri y\u00fcr\u00fctmektedir. \u00dcr\u00fcnlerimiz, titizlikle test edilmekte ve m\u00fc\u015fteri memnuniyetini sa\u011flamak amac\u0131yla s\u00fcrekli olarak iyile\u015ftirilmektedir.<\/p>\n<h3>\u0130leti\u015fim<\/h3>\n<p>Sizlere en iyi hizmeti sunmak i\u00e7in her zaman buraday\u0131z. Her t\u00fcrl\u00fc soru ve talepleriniz i\u00e7in bizimle ileti\u015fime ge\u00e7mekten \u00e7ekinmeyin.<\/p>\n","protected":false},"excerpt":{"rendered":"<p>De\u011ferli M\u00fc\u015fterilerimiz ve \u0130\u015f Ortaklar\u0131m\u0131z, \u0130\u015f makineleri kova imalat\u0131nda sekt\u00f6rdeki lider firmalardan biridir. \u0130n\u015faat, madencilik ve tar\u0131m sekt\u00f6rlerinde kullan\u0131lan y\u00fcksek kaliteli kova \u00e7\u00f6z\u00fcmlerimizle, m\u00fc\u015fterilerimizin ihtiya\u00e7lar\u0131na en iyi \u015fekilde cevap vermekteyiz. Amac\u0131m\u0131z, dayan\u0131kl\u0131 ve verimli \u00fcr\u00fcnlerle i\u015f s\u00fcre\u00e7lerinizi kolayla\u015ft\u0131rmakt\u0131r. Vizyonumuz Sekt\u00f6rdeki yenilikleri takip ederek, i\u015f makineleri kova imalat\u0131nda \u00f6nc\u00fc olmak. M\u00fc\u015fterilerimizin beklentilerini a\u015fmay\u0131 hedefliyoruz. Misyonumuz M\u00fc\u015fterilerimize, [&hellip;]<\/p>\n","protected":false},"author":1,"featured_media":0,"parent":0,"menu_order":0,"comment_status":"closed","ping_status":"closed","template":"","meta":{"footnotes":""},"class_list":["post-744","page","type-page","status-publish","hentry"],"_links":{"self":[{"href":"https:\/\/www.bucketsuppliers.com\/index.php?rest_route=\/wp\/v2\/pages\/744","targetHints":{"allow":["GET"]}}],"collection":[{"href":"https:\/\/www.bucketsuppliers.com\/index.php?rest_route=\/wp\/v2\/pages"}],"about":[{"href":"https:\/\/www.bucketsuppliers.com\/index.php?rest_route=\/wp\/v2\/types\/page"}],"author":[{"embeddable":true,"href":"https:\/\/www.bucketsuppliers.com\/index.php?rest_route=\/wp\/v2\/users\/1"}],"replies":[{"embeddable":true,"href":"https:\/\/www.bucketsuppliers.com\/index.php?rest_route=%2Fwp%2Fv2%2Fcomments&post=744"}],"version-history":[{"count":3,"href":"https:\/\/www.bucketsuppliers.com\/index.php?rest_route=\/wp\/v2\/pages\/744\/revisions"}],"predecessor-version":[{"id":888,"href":"https:\/\/www.bucketsuppliers.com\/index.php?rest_route=\/wp\/v2\/pages\/744\/revisions\/888"}],"wp:attachment":[{"href":"https:\/\/www.bucketsuppliers.com\/index.php?rest_route=%2Fwp%2Fv2%2Fmedia&parent=744"}],"curies":[{"name":"wp","href":"https:\/\/api.w.org\/{rel}","templated":true}]}}